{"id":1238,"date":"2022-04-03T14:13:53","date_gmt":"2022-04-03T14:13:53","guid":{"rendered":"https:\/\/csabrasil.org\/csa\/blog\/"},"modified":"2022-04-03T14:13:55","modified_gmt":"2022-04-03T14:13:55","slug":"blog","status":"publish","type":"page","link":"https:\/\/csabrasil.org\/csa\/blog\/","title":{"rendered":"Blog"},"content":{"rendered":"\t\t<div data-elementor-type=\"wp-page\" data-elementor-id=\"1238\" class=\"elementor elementor-1238\" data-elementor-post-type=\"page\">\n\t\t\t\t\t\t<section class=\"elementor-section elementor-top-section elementor-element elementor-element-14fb0492 elementor-section-height-min-height elementor-section-boxed elementor-section-height-default elementor-section-items-middle\" data-id=\"14fb0492\" data-element_type=\"section\" data-e-type=\"section\" data-settings=\"{&quot;background_background&quot;:&quot;classic&quot;,&quot;shape_divider_top&quot;:&quot;triangle&quot;,&quot;shape_divider_bottom&quot;:&quot;triangle&quot;,&quot;background_motion_fx_motion_fx_mouse&quot;:&quot;yes&quot;,&quot;background_motion_fx_mouseTrack_effect&quot;:&quot;yes&quot;,&quot;background_motion_fx_mouseTrack_speed&quot;:{&quot;unit&quot;:&quot;px&quot;,&quot;size&quot;:0.2,&quot;sizes&quot;:[]}}\">\n\t\t\t\t\t\t\t<div class=\"elementor-background-overlay\"><\/div>\n\t\t\t\t\t\t<div class=\"elementor-shape elementor-shape-top\" aria-hidden=\"true\" data-negative=\"false\">\n\t\t\t<svg xmlns=\"http:\/\/www.w3.org\/2000\/svg\" viewBox=\"0 0 1000 100\" preserveAspectRatio=\"none\">\n\t<path class=\"elementor-shape-fill\" d=\"M500,98.9L0,6.1V0h1000v6.1L500,98.9z\"\/>\n<\/svg>\t\t<\/div>\n\t\t\t\t<div class=\"elementor-shape elementor-shape-bottom\" aria-hidden=\"true\" data-negative=\"false\">\n\t\t\t<svg xmlns=\"http:\/\/www.w3.org\/2000\/svg\" viewBox=\"0 0 1000 100\" preserveAspectRatio=\"none\">\n\t<path class=\"elementor-shape-fill\" d=\"M500,98.9L0,6.1V0h1000v6.1L500,98.9z\"\/>\n<\/svg>\t\t<\/div>\n\t\t\t\t\t<div class=\"elementor-container elementor-column-gap-default\">\n\t\t\t\t\t<div class=\"elementor-column elementor-col-100 elementor-top-column elementor-element elementor-element-3ee7e244\" data-id=\"3ee7e244\" data-element_type=\"column\" data-e-type=\"column\">\n\t\t\t<div class=\"elementor-widget-wrap elementor-element-populated\">\n\t\t\t\t\t\t<div class=\"elementor-element elementor-element-cab499c elementor-widget elementor-widget-heading\" data-id=\"cab499c\" data-element_type=\"widget\" data-e-type=\"widget\" data-widget_type=\"heading.default\">\n\t\t\t\t<div class=\"elementor-widget-container\">\n\t\t\t\t\t<h2 class=\"elementor-heading-title elementor-size-default\">Blog<\/h2>\t\t\t\t<\/div>\n\t\t\t\t<\/div>\n\t\t\t\t<div class=\"elementor-element elementor-element-340b1a3 elementor-widget elementor-widget-text-editor\" data-id=\"340b1a3\" data-element_type=\"widget\" data-e-type=\"widget\" data-widget_type=\"text-editor.default\">\n\t\t\t\t<div class=\"elementor-widget-container\">\n\t\t\t\t\t\t\t\t\t<p>Acompanhe nossos conte\u00fados<\/p>\t\t\t\t\t\t\t\t<\/div>\n\t\t\t\t<\/div>\n\t\t\t\t\t<\/div>\n\t\t<\/div>\n\t\t\t\t\t<\/div>\n\t\t<\/section>\n\t\t\t\t<section class=\"elementor-section elementor-top-section elementor-element elementor-element-aabc36f elementor-section-boxed elementor-section-height-default elementor-section-height-default\" data-id=\"aabc36f\" data-element_type=\"section\" data-e-type=\"section\">\n\t\t\t\t\t\t<div class=\"elementor-container elementor-column-gap-default\">\n\t\t\t\t\t<div class=\"elementor-column elementor-col-100 elementor-top-column elementor-element elementor-element-4afe891e\" data-id=\"4afe891e\" data-element_type=\"column\" data-e-type=\"column\">\n\t\t\t<div class=\"elementor-widget-wrap elementor-element-populated\">\n\t\t\t\t\t\t<div class=\"elementor-element elementor-element-624f5da7 elementor-widget elementor-widget-spacer\" data-id=\"624f5da7\" data-element_type=\"widget\" data-e-type=\"widget\" data-widget_type=\"spacer.default\">\n\t\t\t\t<div class=\"elementor-widget-container\">\n\t\t\t\t\t\t\t<div class=\"elementor-spacer\">\n\t\t\t<div class=\"elementor-spacer-inner\"><\/div>\n\t\t<\/div>\n\t\t\t\t\t\t<\/div>\n\t\t\t\t<\/div>\n\t\t\t\t<div class=\"elementor-element elementor-element-758a492a elementor-widget elementor-widget-text-editor\" data-id=\"758a492a\" data-element_type=\"widget\" data-e-type=\"widget\" data-widget_type=\"text-editor.default\">\n\t\t\t\t<div class=\"elementor-widget-container\">\n\t\t\t\t\t\t\t\t\tDe que forma se pode nos dias atuais, apesar de uma economia globalizada, manter-se uma agricultura familiar e diversificada, uma agricultura que cultiva alimentos frescos e saud\u00e1veis e ao mesmo tempo protege e cuida da natureza e da cultura de suas paisagens? \t\t\t\t\t\t\t\t<\/div>\n\t\t\t\t<\/div>\n\t\t\t\t\t<\/div>\n\t\t<\/div>\n\t\t\t\t\t<\/div>\n\t\t<\/section>\n\t\t\t\t<section class=\"elementor-section elementor-top-section elementor-element elementor-element-56dff70c elementor-section-boxed elementor-section-height-default elementor-section-height-default\" data-id=\"56dff70c\" data-element_type=\"section\" data-e-type=\"section\">\n\t\t\t\t\t\t<div class=\"elementor-container elementor-column-gap-default\">\n\t\t\t\t\t<div class=\"elementor-column elementor-col-100 elementor-top-column elementor-element elementor-element-445f06da\" data-id=\"445f06da\" data-element_type=\"column\" data-e-type=\"column\">\n\t\t\t<div class=\"elementor-widget-wrap elementor-element-populated\">\n\t\t\t\t\t\t<div class=\"elementor-element elementor-element-234ee129 elementor-grid-3 elementor-grid-tablet-2 elementor-grid-mobile-1 elementor-posts--thumbnail-top elementor-card-shadow-yes elementor-posts__hover-gradient load-more-align-center elementor-widget elementor-widget-posts\" data-id=\"234ee129\" data-element_type=\"widget\" data-e-type=\"widget\" data-settings=\"{&quot;cards_row_gap&quot;:{&quot;unit&quot;:&quot;px&quot;,&quot;size&quot;:28,&quot;sizes&quot;:[]},&quot;pagination_type&quot;:&quot;load_more_on_click&quot;,&quot;load_more_spinner&quot;:{&quot;value&quot;:&quot;fas fa-spinner&quot;,&quot;library&quot;:&quot;fa-solid&quot;},&quot;cards_columns&quot;:&quot;3&quot;,&quot;cards_columns_tablet&quot;:&quot;2&quot;,&quot;cards_columns_mobile&quot;:&quot;1&quot;,&quot;cards_row_gap_laptop&quot;:{&quot;unit&quot;:&quot;px&quot;,&quot;size&quot;:&quot;&quot;,&quot;sizes&quot;:[]},&quot;cards_row_gap_tablet_extra&quot;:{&quot;unit&quot;:&quot;px&quot;,&quot;size&quot;:&quot;&quot;,&quot;sizes&quot;:[]},&quot;cards_row_gap_tablet&quot;:{&quot;unit&quot;:&quot;px&quot;,&quot;size&quot;:&quot;&quot;,&quot;sizes&quot;:[]},&quot;cards_row_gap_mobile_extra&quot;:{&quot;unit&quot;:&quot;px&quot;,&quot;size&quot;:&quot;&quot;,&quot;sizes&quot;:[]},&quot;cards_row_gap_mobile&quot;:{&quot;unit&quot;:&quot;px&quot;,&quot;size&quot;:&quot;&quot;,&quot;sizes&quot;:[]}}\" data-widget_type=\"posts.cards\">\n\t\t\t\t<div class=\"elementor-widget-container\">\n\t\t\t\t\t\t\t<div class=\"elementor-posts-container elementor-posts elementor-posts--skin-cards elementor-grid\" role=\"list\">\n\t\t\t\t<article class=\"elementor-post elementor-grid-item post-1563 post type-post status-publish format-standard has-post-thumbnail hentry category-historias-de-csa category-alimentacao category-biblioteca category-csa-brasil category-vivencias tag-depoimento\" role=\"listitem\">\n\t\t\t<div class=\"elementor-post__card\">\n\t\t\t\t<a class=\"elementor-post__thumbnail__link\" href=\"https:\/\/csabrasil.org\/csa\/como-olho-para-meu-prato-hoje\/\" tabindex=\"-1\" ><div class=\"elementor-post__thumbnail\"><img fetchpriority=\"high\" decoding=\"async\" width=\"300\" height=\"225\" src=\"https:\/\/csabrasil.org\/csa\/wp-content\/uploads\/2023\/12\/prato-de-comida-300x225.jpg\" class=\"attachment-medium size-medium wp-image-1564\" alt=\"\" srcset=\"https:\/\/csabrasil.org\/csa\/wp-content\/uploads\/2023\/12\/prato-de-comida-300x225.jpg 300w, https:\/\/csabrasil.org\/csa\/wp-content\/uploads\/2023\/12\/prato-de-comida-1024x767.jpg 1024w, https:\/\/csabrasil.org\/csa\/wp-content\/uploads\/2023\/12\/prato-de-comida-768x575.jpg 768w, https:\/\/csabrasil.org\/csa\/wp-content\/uploads\/2023\/12\/prato-de-comida-1536x1150.jpg 1536w, https:\/\/csabrasil.org\/csa\/wp-content\/uploads\/2023\/12\/prato-de-comida-2048x1534.jpg 2048w\" sizes=\"(max-width: 300px) 100vw, 300px\" \/><\/div><\/a>\n\t\t\t\t<div class=\"elementor-post__badge\">Hist\u00f3rias de CSA<\/div>\n\t\t\t\t<div class=\"elementor-post__text\">\n\t\t\t\t<h3 class=\"elementor-post__title\">\n\t\t\t<a href=\"https:\/\/csabrasil.org\/csa\/como-olho-para-meu-prato-hoje\/\" >\n\t\t\t\tComo Olho para meu Prato Hoje\t\t\t<\/a>\n\t\t<\/h3>\n\t\t\t\t<div class=\"elementor-post__excerpt\">\n\t\t\t<p>Gisela Eggert &#8211; Steindel\u00b9<\/p>\n\t\t<\/div>\n\t\t\n\t\t<a class=\"elementor-post__read-more\" href=\"https:\/\/csabrasil.org\/csa\/como-olho-para-meu-prato-hoje\/\" aria-label=\"Leia mais sobre Como Olho para meu Prato Hoje\" tabindex=\"-1\" >\n\t\t\tLeia mais \u00bb\t\t<\/a>\n\n\t\t\t\t<\/div>\n\t\t\t\t<div class=\"elementor-post__meta-data\">\n\t\t\t\t\t<span class=\"elementor-post-date\">\n\t\t\tdezembro 18, 2023\t\t<\/span>\n\t\t\t\t<span class=\"elementor-post-avatar\">\n\t\t\tNenhum coment\u00e1rio\t\t<\/span>\n\t\t\t\t<\/div>\n\t\t\t\t\t<\/div>\n\t\t<\/article>\n\t\t\t\t<article class=\"elementor-post elementor-grid-item post-1554 post type-post status-publish format-standard has-post-thumbnail hentry category-csa-brasil category-biblioteca category-historias-de-csa category-vivencias tag-agricultura-familiar tag-comercializacao tag-economia-de-suporte-comunitario tag-morro-das-panelas tag-sistema-de-producao-organica-e-agroecologica\" role=\"listitem\">\n\t\t\t<div class=\"elementor-post__card\">\n\t\t\t\t<a class=\"elementor-post__thumbnail__link\" href=\"https:\/\/csabrasil.org\/csa\/coletivo-morro-das-panelas-uma-historia-de-resistencia-e-atitude-em-tempos-de-pandemia\/\" tabindex=\"-1\" ><div class=\"elementor-post__thumbnail\"><img decoding=\"async\" width=\"299\" height=\"168\" src=\"https:\/\/csabrasil.org\/csa\/wp-content\/uploads\/2023\/12\/Coletivo-Morro-das-panelas.jpg\" class=\"attachment-medium size-medium wp-image-1555\" alt=\"\" \/><\/div><\/a>\n\t\t\t\t<div class=\"elementor-post__badge\">CSA Brasil<\/div>\n\t\t\t\t<div class=\"elementor-post__text\">\n\t\t\t\t<h3 class=\"elementor-post__title\">\n\t\t\t<a href=\"https:\/\/csabrasil.org\/csa\/coletivo-morro-das-panelas-uma-historia-de-resistencia-e-atitude-em-tempos-de-pandemia\/\" >\n\t\t\t\tColetivo Morro das Panelas: uma hist\u00f3ria de resist\u00eancia e atitude em tempos de pandemia\t\t\t<\/a>\n\t\t<\/h3>\n\t\t\t\t<div class=\"elementor-post__excerpt\">\n\t\t\t<p>Texto de Maria Teresa Munhoz Salgado<\/p>\n\t\t<\/div>\n\t\t\n\t\t<a class=\"elementor-post__read-more\" href=\"https:\/\/csabrasil.org\/csa\/coletivo-morro-das-panelas-uma-historia-de-resistencia-e-atitude-em-tempos-de-pandemia\/\" aria-label=\"Leia mais sobre Coletivo Morro das Panelas: uma hist\u00f3ria de resist\u00eancia e atitude em tempos de pandemia\" tabindex=\"-1\" >\n\t\t\tLeia mais \u00bb\t\t<\/a>\n\n\t\t\t\t<\/div>\n\t\t\t\t<div class=\"elementor-post__meta-data\">\n\t\t\t\t\t<span class=\"elementor-post-date\">\n\t\t\tdezembro 18, 2023\t\t<\/span>\n\t\t\t\t<span class=\"elementor-post-avatar\">\n\t\t\tNenhum coment\u00e1rio\t\t<\/span>\n\t\t\t\t<\/div>\n\t\t\t\t\t<\/div>\n\t\t<\/article>\n\t\t\t\t<article class=\"elementor-post elementor-grid-item post-1549 post type-post status-publish format-standard has-post-thumbnail hentry category-cursos category-biblioteca category-vivencias\" role=\"listitem\">\n\t\t\t<div class=\"elementor-post__card\">\n\t\t\t\t<a class=\"elementor-post__thumbnail__link\" href=\"https:\/\/csabrasil.org\/csa\/impressoes-do-curso-economia-de-suporte-comunitario\/\" tabindex=\"-1\" ><div class=\"elementor-post__thumbnail\"><img decoding=\"async\" width=\"300\" height=\"200\" src=\"https:\/\/csabrasil.org\/csa\/wp-content\/uploads\/2023\/12\/Agricultura-300x200.jpg\" class=\"attachment-medium size-medium wp-image-1551\" alt=\"\" srcset=\"https:\/\/csabrasil.org\/csa\/wp-content\/uploads\/2023\/12\/Agricultura-300x200.jpg 300w, https:\/\/csabrasil.org\/csa\/wp-content\/uploads\/2023\/12\/Agricultura-1024x682.jpg 1024w, https:\/\/csabrasil.org\/csa\/wp-content\/uploads\/2023\/12\/Agricultura-768x512.jpg 768w, https:\/\/csabrasil.org\/csa\/wp-content\/uploads\/2023\/12\/Agricultura-1536x1023.jpg 1536w, https:\/\/csabrasil.org\/csa\/wp-content\/uploads\/2023\/12\/Agricultura-2048x1364.jpg 2048w\" sizes=\"(max-width: 300px) 100vw, 300px\" \/><\/div><\/a>\n\t\t\t\t<div class=\"elementor-post__badge\">Cursos<\/div>\n\t\t\t\t<div class=\"elementor-post__text\">\n\t\t\t\t<h3 class=\"elementor-post__title\">\n\t\t\t<a href=\"https:\/\/csabrasil.org\/csa\/impressoes-do-curso-economia-de-suporte-comunitario\/\" >\n\t\t\t\tImpress\u00f5es do curso: Economia de Suporte Comunit\u00e1rio\t\t\t<\/a>\n\t\t<\/h3>\n\t\t\t\t<div class=\"elementor-post__excerpt\">\n\t\t\t<p>Curso inspirador: desperta reflex\u00f5es, integra\u00e7\u00e3o global e a\u00e7\u00e3o para um mundo mais justo e sustent\u00e1vel.<\/p>\n\t\t<\/div>\n\t\t\n\t\t<a class=\"elementor-post__read-more\" href=\"https:\/\/csabrasil.org\/csa\/impressoes-do-curso-economia-de-suporte-comunitario\/\" aria-label=\"Leia mais sobre Impress\u00f5es do curso: Economia de Suporte Comunit\u00e1rio\" tabindex=\"-1\" >\n\t\t\tLeia mais \u00bb\t\t<\/a>\n\n\t\t\t\t<\/div>\n\t\t\t\t<div class=\"elementor-post__meta-data\">\n\t\t\t\t\t<span class=\"elementor-post-date\">\n\t\t\tdezembro 18, 2023\t\t<\/span>\n\t\t\t\t<span class=\"elementor-post-avatar\">\n\t\t\tNenhum coment\u00e1rio\t\t<\/span>\n\t\t\t\t<\/div>\n\t\t\t\t\t<\/div>\n\t\t<\/article>\n\t\t\t\t<article class=\"elementor-post elementor-grid-item post-1530 post type-post status-publish format-standard has-post-thumbnail hentry category-cursos category-csa-brasil tag-cursos tag-ead-csa\" role=\"listitem\">\n\t\t\t<div class=\"elementor-post__card\">\n\t\t\t\t<a class=\"elementor-post__thumbnail__link\" href=\"https:\/\/csabrasil.org\/csa\/curso-csa-ead-iii-ciclo-de-formacao-em-praticas-comunitarias-sustentaveis\/\" tabindex=\"-1\" ><div class=\"elementor-post__thumbnail\"><img loading=\"lazy\" decoding=\"async\" width=\"300\" height=\"169\" src=\"https:\/\/csabrasil.org\/csa\/wp-content\/uploads\/2023\/07\/CSA-Brasil-Curso-300x169.jpeg\" class=\"attachment-medium size-medium wp-image-1534\" alt=\"\" srcset=\"https:\/\/csabrasil.org\/csa\/wp-content\/uploads\/2023\/07\/CSA-Brasil-Curso-300x169.jpeg 300w, https:\/\/csabrasil.org\/csa\/wp-content\/uploads\/2023\/07\/CSA-Brasil-Curso-1024x576.jpeg 1024w, https:\/\/csabrasil.org\/csa\/wp-content\/uploads\/2023\/07\/CSA-Brasil-Curso-768x432.jpeg 768w, https:\/\/csabrasil.org\/csa\/wp-content\/uploads\/2023\/07\/CSA-Brasil-Curso.jpeg 1280w\" sizes=\"(max-width: 300px) 100vw, 300px\" \/><\/div><\/a>\n\t\t\t\t<div class=\"elementor-post__badge\">Cursos<\/div>\n\t\t\t\t<div class=\"elementor-post__text\">\n\t\t\t\t<h3 class=\"elementor-post__title\">\n\t\t\t<a href=\"https:\/\/csabrasil.org\/csa\/curso-csa-ead-iii-ciclo-de-formacao-em-praticas-comunitarias-sustentaveis\/\" >\n\t\t\t\tCurso CSA EAD &#8211; III CICLO DE FORMA\u00c7\u00c3O EM PR\u00c1TICAS COMUNIT\u00c1RIAS SUSTENT\u00c1VEIS\t\t\t<\/a>\n\t\t<\/h3>\n\t\t\t\t<div class=\"elementor-post__excerpt\">\n\t\t\t<p>Temos o prazer de anunciar nosso pr\u00f3ximo curso EAD sobre CSA &#8211; Comunidade que Sustenta a Agricultura.<\/p>\n\t\t<\/div>\n\t\t\n\t\t<a class=\"elementor-post__read-more\" href=\"https:\/\/csabrasil.org\/csa\/curso-csa-ead-iii-ciclo-de-formacao-em-praticas-comunitarias-sustentaveis\/\" aria-label=\"Leia mais sobre Curso CSA EAD &#8211; III CICLO DE FORMA\u00c7\u00c3O EM PR\u00c1TICAS COMUNIT\u00c1RIAS SUSTENT\u00c1VEIS\" tabindex=\"-1\" >\n\t\t\tLeia mais \u00bb\t\t<\/a>\n\n\t\t\t\t<\/div>\n\t\t\t\t<div class=\"elementor-post__meta-data\">\n\t\t\t\t\t<span class=\"elementor-post-date\">\n\t\t\tjulho 16, 2023\t\t<\/span>\n\t\t\t\t<span class=\"elementor-post-avatar\">\n\t\t\tNenhum coment\u00e1rio\t\t<\/span>\n\t\t\t\t<\/div>\n\t\t\t\t\t<\/div>\n\t\t<\/article>\n\t\t\t\t<article class=\"elementor-post elementor-grid-item post-1487 post type-post status-publish format-standard has-post-thumbnail hentry category-cursos category-csa-brasil tag-cursos\" role=\"listitem\">\n\t\t\t<div class=\"elementor-post__card\">\n\t\t\t\t<a class=\"elementor-post__thumbnail__link\" href=\"https:\/\/csabrasil.org\/csa\/xiii-formacao-em-csa-csa-brasil\/\" tabindex=\"-1\" ><div class=\"elementor-post__thumbnail\"><img loading=\"lazy\" decoding=\"async\" width=\"300\" height=\"300\" src=\"https:\/\/csabrasil.org\/csa\/wp-content\/uploads\/2023\/02\/Banner-300x300.jpeg\" class=\"attachment-medium size-medium wp-image-1469\" alt=\"\" srcset=\"https:\/\/csabrasil.org\/csa\/wp-content\/uploads\/2023\/02\/Banner-300x300.jpeg 300w, https:\/\/csabrasil.org\/csa\/wp-content\/uploads\/2023\/02\/Banner-1024x1024.jpeg 1024w, https:\/\/csabrasil.org\/csa\/wp-content\/uploads\/2023\/02\/Banner-150x150.jpeg 150w, https:\/\/csabrasil.org\/csa\/wp-content\/uploads\/2023\/02\/Banner-768x768.jpeg 768w, https:\/\/csabrasil.org\/csa\/wp-content\/uploads\/2023\/02\/Banner.jpeg 1080w\" sizes=\"(max-width: 300px) 100vw, 300px\" \/><\/div><\/a>\n\t\t\t\t<div class=\"elementor-post__badge\">Cursos<\/div>\n\t\t\t\t<div class=\"elementor-post__text\">\n\t\t\t\t<h3 class=\"elementor-post__title\">\n\t\t\t<a href=\"https:\/\/csabrasil.org\/csa\/xiii-formacao-em-csa-csa-brasil\/\" >\n\t\t\t\tXIII Forma\u00e7\u00e3o em CSA &#8211; CSA Brasil\t\t\t<\/a>\n\t\t<\/h3>\n\t\t\t\t<div class=\"elementor-post__excerpt\">\n\t\t\t<p>\u201cda cultura do pre\u00e7o para a cultura do Apre\u00e7o\u201d<\/p>\n\t\t<\/div>\n\t\t\n\t\t<a class=\"elementor-post__read-more\" href=\"https:\/\/csabrasil.org\/csa\/xiii-formacao-em-csa-csa-brasil\/\" aria-label=\"Leia mais sobre XIII Forma\u00e7\u00e3o em CSA &#8211; CSA Brasil\" tabindex=\"-1\" >\n\t\t\tLeia mais \u00bb\t\t<\/a>\n\n\t\t\t\t<\/div>\n\t\t\t\t<div class=\"elementor-post__meta-data\">\n\t\t\t\t\t<span class=\"elementor-post-date\">\n\t\t\tfevereiro 28, 2023\t\t<\/span>\n\t\t\t\t<span class=\"elementor-post-avatar\">\n\t\t\tNenhum coment\u00e1rio\t\t<\/span>\n\t\t\t\t<\/div>\n\t\t\t\t\t<\/div>\n\t\t<\/article>\n\t\t\t\t<article class=\"elementor-post elementor-grid-item post-1420 post type-post status-publish format-standard has-post-thumbnail hentry category-csa-brasil tag-csa-demetria\" role=\"listitem\">\n\t\t\t<div class=\"elementor-post__card\">\n\t\t\t\t<a class=\"elementor-post__thumbnail__link\" href=\"https:\/\/csabrasil.org\/csa\/o-futuro-nao-tem-preco-11-anos-da-csa-demetria\/\" tabindex=\"-1\" ><div class=\"elementor-post__thumbnail\"><img loading=\"lazy\" decoding=\"async\" width=\"300\" height=\"169\" src=\"https:\/\/csabrasil.org\/csa\/wp-content\/uploads\/2022\/05\/CSA-Demetria-11-anos-300x169.jpeg\" class=\"attachment-medium size-medium wp-image-1421\" alt=\"\" srcset=\"https:\/\/csabrasil.org\/csa\/wp-content\/uploads\/2022\/05\/CSA-Demetria-11-anos-300x169.jpeg 300w, https:\/\/csabrasil.org\/csa\/wp-content\/uploads\/2022\/05\/CSA-Demetria-11-anos-1024x577.jpeg 1024w, https:\/\/csabrasil.org\/csa\/wp-content\/uploads\/2022\/05\/CSA-Demetria-11-anos-768x433.jpeg 768w, https:\/\/csabrasil.org\/csa\/wp-content\/uploads\/2022\/05\/CSA-Demetria-11-anos.jpeg 1280w\" sizes=\"(max-width: 300px) 100vw, 300px\" \/><\/div><\/a>\n\t\t\t\t<div class=\"elementor-post__badge\">CSA Brasil<\/div>\n\t\t\t\t<div class=\"elementor-post__text\">\n\t\t\t\t<h3 class=\"elementor-post__title\">\n\t\t\t<a href=\"https:\/\/csabrasil.org\/csa\/o-futuro-nao-tem-preco-11-anos-da-csa-demetria\/\" >\n\t\t\t\tO FUTURO N\u00c3O TEM PRE\u00c7O &#8211; 11 Anos da CSA Dem\u00e9tria.\t\t\t<\/a>\n\t\t<\/h3>\n\t\t\t\t<div class=\"elementor-post__excerpt\">\n\t\t\t<p>O verdadeiro alimento tem, sempre, que se tornar comida. E toda comida deveria, sempre, ser um verdadeiro alimento.<\/p>\n\t\t<\/div>\n\t\t\n\t\t<a class=\"elementor-post__read-more\" href=\"https:\/\/csabrasil.org\/csa\/o-futuro-nao-tem-preco-11-anos-da-csa-demetria\/\" aria-label=\"Leia mais sobre O FUTURO N\u00c3O TEM PRE\u00c7O &#8211; 11 Anos da CSA Dem\u00e9tria.\" tabindex=\"-1\" >\n\t\t\tLeia mais \u00bb\t\t<\/a>\n\n\t\t\t\t<\/div>\n\t\t\t\t<div class=\"elementor-post__meta-data\">\n\t\t\t\t\t<span class=\"elementor-post-date\">\n\t\t\tmaio 16, 2022\t\t<\/span>\n\t\t\t\t<span class=\"elementor-post-avatar\">\n\t\t\tNenhum coment\u00e1rio\t\t<\/span>\n\t\t\t\t<\/div>\n\t\t\t\t\t<\/div>\n\t\t<\/article>\n\t\t\t\t<\/div>\n\t\t\t\t\t<span class=\"e-load-more-spinner\">\n\t\t\t\t<i aria-hidden=\"true\" class=\"fas fa-spinner\"><\/i>\t\t\t<\/span>\n\t\t\n\t\t\t\t<div class=\"e-load-more-anchor\" data-page=\"1\" data-max-page=\"12\" data-next-page=\"https:\/\/csabrasil.org\/csa\/wp-json\/wp\/v2\/pages\/1238\/page\/2\/\"><\/div>\n\t\t\t\t<div class=\"elementor-button-wrapper\">\n\t\t\t<a class=\"elementor-button elementor-size-sm\" role=\"button\">\n\t\t\t\t\t\t<span class=\"elementor-button-content-wrapper\">\n\t\t\t\t\t\t\t\t\t<span class=\"elementor-button-text\">Carregar mais<\/span>\n\t\t\t\t\t<\/span>\n\t\t\t\t\t<\/a>\n\t\t<\/div>\n\t\t\t\t<div class=\"e-load-more-message\"><\/div>\n\t\t\t\t\t\t<\/div>\n\t\t\t\t<\/div>\n\t\t\t\t\t<\/div>\n\t\t<\/div>\n\t\t\t\t\t<\/div>\n\t\t<\/section>\n\t\t\t\t<\/div>\n\t\t","protected":false},"excerpt":{"rendered":"<p>Blog Acompanhe nossos conte\u00fados De que forma se pode nos dias atuais, apesar de uma economia globalizada, manter-se uma agricultura familiar e diversificada, uma agricultura que cultiva alimentos frescos e saud\u00e1veis e ao mesmo tempo protege e cuida da natureza e da cultura de suas paisagens?<\/p>\n","protected":false},"author":1,"featured_media":0,"parent":0,"menu_order":0,"comment_status":"closed","ping_status":"closed","template":"elementor_header_footer","meta":{"footnotes":""},"class_list":["post-1238","page","type-page","status-publish","hentry"],"_links":{"self":[{"href":"https:\/\/csabrasil.org\/csa\/wp-json\/wp\/v2\/pages\/1238","targetHints":{"allow":["GET"]}}],"collection":[{"href":"https:\/\/csabrasil.org\/csa\/wp-json\/wp\/v2\/pages"}],"about":[{"href":"https:\/\/csabrasil.org\/csa\/wp-json\/wp\/v2\/types\/page"}],"author":[{"embeddable":true,"href":"https:\/\/csabrasil.org\/csa\/wp-json\/wp\/v2\/users\/1"}],"replies":[{"embeddable":true,"href":"https:\/\/csabrasil.org\/csa\/wp-json\/wp\/v2\/comments?post=1238"}],"version-history":[{"count":2,"href":"https:\/\/csabrasil.org\/csa\/wp-json\/wp\/v2\/pages\/1238\/revisions"}],"predecessor-version":[{"id":1241,"href":"https:\/\/csabrasil.org\/csa\/wp-json\/wp\/v2\/pages\/1238\/revisions\/1241"}],"wp:attachment":[{"href":"https:\/\/csabrasil.org\/csa\/wp-json\/wp\/v2\/media?parent=1238"}],"curies":[{"name":"wp","href":"https:\/\/api.w.org\/{rel}","templated":true}]}}