{"id":1261,"date":"2022-04-03T14:14:00","date_gmt":"2022-04-03T14:14:00","guid":{"rendered":"https:\/\/csabrasil.org\/csa\/csa-pelo-mundo\/"},"modified":"2022-04-03T14:14:00","modified_gmt":"2022-04-03T14:14:00","slug":"csa-pelo-mundo","status":"publish","type":"page","link":"https:\/\/csabrasil.org\/csa\/csa-pelo-mundo\/","title":{"rendered":"CSA Pelo Mundo"},"content":{"rendered":"\t\t<div data-elementor-type=\"wp-page\" data-elementor-id=\"1261\" class=\"elementor elementor-1261\" data-elementor-post-type=\"page\">\n\t\t\t\t\t\t<section class=\"elementor-section elementor-top-section elementor-element elementor-element-78989c8 elementor-section-height-min-height elementor-section-boxed elementor-section-height-default elementor-section-items-middle\" data-id=\"78989c8\" data-element_type=\"section\" data-e-type=\"section\" data-settings=\"{&quot;background_background&quot;:&quot;classic&quot;,&quot;shape_divider_top&quot;:&quot;triangle&quot;,&quot;shape_divider_bottom&quot;:&quot;triangle&quot;,&quot;background_motion_fx_motion_fx_mouse&quot;:&quot;yes&quot;,&quot;background_motion_fx_mouseTrack_effect&quot;:&quot;yes&quot;,&quot;background_motion_fx_mouseTrack_speed&quot;:{&quot;unit&quot;:&quot;px&quot;,&quot;size&quot;:0.2,&quot;sizes&quot;:[]}}\">\n\t\t\t\t\t\t\t<div class=\"elementor-background-overlay\"><\/div>\n\t\t\t\t\t\t<div class=\"elementor-shape elementor-shape-top\" aria-hidden=\"true\" data-negative=\"false\">\n\t\t\t<svg xmlns=\"http:\/\/www.w3.org\/2000\/svg\" viewBox=\"0 0 1000 100\" preserveAspectRatio=\"none\">\n\t<path class=\"elementor-shape-fill\" d=\"M500,98.9L0,6.1V0h1000v6.1L500,98.9z\"\/>\n<\/svg>\t\t<\/div>\n\t\t\t\t<div class=\"elementor-shape elementor-shape-bottom\" aria-hidden=\"true\" data-negative=\"false\">\n\t\t\t<svg xmlns=\"http:\/\/www.w3.org\/2000\/svg\" viewBox=\"0 0 1000 100\" preserveAspectRatio=\"none\">\n\t<path class=\"elementor-shape-fill\" d=\"M500,98.9L0,6.1V0h1000v6.1L500,98.9z\"\/>\n<\/svg>\t\t<\/div>\n\t\t\t\t\t<div class=\"elementor-container elementor-column-gap-default\">\n\t\t\t\t\t<div class=\"elementor-column elementor-col-100 elementor-top-column elementor-element elementor-element-780e762b\" data-id=\"780e762b\" data-element_type=\"column\" data-e-type=\"column\">\n\t\t\t<div class=\"elementor-widget-wrap elementor-element-populated\">\n\t\t\t\t\t\t<div class=\"elementor-element elementor-element-59516e4f elementor-widget elementor-widget-heading\" data-id=\"59516e4f\" data-element_type=\"widget\" data-e-type=\"widget\" data-widget_type=\"heading.default\">\n\t\t\t\t<div class=\"elementor-widget-container\">\n\t\t\t\t\t<h2 class=\"elementor-heading-title elementor-size-default\">CSA<\/h2>\t\t\t\t<\/div>\n\t\t\t\t<\/div>\n\t\t\t\t<div class=\"elementor-element elementor-element-61b7ed44 elementor-widget elementor-widget-text-editor\" data-id=\"61b7ed44\" data-element_type=\"widget\" data-e-type=\"widget\" data-widget_type=\"text-editor.default\">\n\t\t\t\t<div class=\"elementor-widget-container\">\n\t\t\t\t\t\t\t\t\t<p>PELO MUNDO<\/p>\t\t\t\t\t\t\t\t<\/div>\n\t\t\t\t<\/div>\n\t\t\t\t\t<\/div>\n\t\t<\/div>\n\t\t\t\t\t<\/div>\n\t\t<\/section>\n\t\t\t\t<section class=\"elementor-section elementor-top-section elementor-element elementor-element-6160c697 elementor-section-boxed elementor-section-height-default elementor-section-height-default\" data-id=\"6160c697\" data-element_type=\"section\" data-e-type=\"section\">\n\t\t\t\t\t\t<div class=\"elementor-container elementor-column-gap-default\">\n\t\t\t\t\t<div class=\"elementor-column elementor-col-100 elementor-top-column elementor-element elementor-element-772648a0\" data-id=\"772648a0\" data-element_type=\"column\" data-e-type=\"column\">\n\t\t\t<div class=\"elementor-widget-wrap elementor-element-populated\">\n\t\t\t\t\t\t<div class=\"elementor-element elementor-element-41d31644 elementor-widget elementor-widget-text-editor\" data-id=\"41d31644\" data-element_type=\"widget\" data-e-type=\"widget\" data-widget_type=\"text-editor.default\">\n\t\t\t\t<div class=\"elementor-widget-container\">\n\t\t\t\t\t\t\t\t\t<p>CSA ao redor do mundo \u2013 mais informa\u00e7\u00f5es\u00a0<a href=\"http:\/\/www.urgenci.net\/\" target=\"_blank\" rel=\"noopener\">clique<\/a><\/p><p>Links espec\u00edficos:<br \/>Alemanha:\u00a0<a href=\"http:\/\/www.makecsa.org\/\" target=\"_blank\" rel=\"noopener\">Landwirtschafsgemeinschaftshof<\/a><br \/>EUA:\u00a0<a href=\"http:\/\/www.localharvest.org\/\" target=\"_blank\" rel=\"noopener\">Aqui<\/a>\u00a0informa\u00e7\u00f5es de todos os estados.<br \/>Canad\u00e1:\u00a0<a href=\"http:\/\/www.mapaq.gouv.qc.ca\/\" target=\"_blank\" rel=\"noopener\">Agriculture Soutenne par la Communaut\u00e9<\/a><br \/>Fran\u00e7a:\u00a0<a href=\"http:\/\/www.reseau-amap.org\/\" target=\"_blank\" rel=\"noopener\">http:\/\/www.reseau-amap.org<\/a><br \/>Jap\u00e3o:<a href=\"http:\/\/www.joaa.net\/\" target=\"_blank\" rel=\"noopener\">\u00a0TEIKEI<\/a>\u00a0e\u00a0<a href=\"http:\/\/www.jca.apc.org\/\" target=\"_blank\" rel=\"noopener\">JOAA<\/a>\u00a0\u2013 Japanese Organic Agriculture Association<br \/>B\u00e9lgica:\u00a0<a href=\"http:\/\/www.haricots.org\/gas\" target=\"_blank\" rel=\"noopener\">Groupes d\u2019achat solidaires de l\u2019agriculture paysanne<\/a><br \/>It\u00e1lia:\u00a0<a href=\"http:\/\/www.retegas.org\/\" target=\"_blank\" rel=\"noopener\">Gruppi di Acquisto Solidale<\/a><\/p>\t\t\t\t\t\t\t\t<\/div>\n\t\t\t\t<\/div>\n\t\t\t\t<div class=\"elementor-element elementor-element-762a685e elementor-widget elementor-widget-video\" data-id=\"762a685e\" data-element_type=\"widget\" data-e-type=\"widget\" data-settings=\"{&quot;youtube_url&quot;:&quot;https:\\\/\\\/youtu.be\\\/5VZj8U4vP3s&quot;,&quot;video_type&quot;:&quot;youtube&quot;,&quot;controls&quot;:&quot;yes&quot;}\" data-widget_type=\"video.default\">\n\t\t\t\t<div class=\"elementor-widget-container\">\n\t\t\t\t\t\t\t<div class=\"elementor-wrapper elementor-open-inline\">\n\t\t\t<div class=\"elementor-video\"><\/div>\t\t<\/div>\n\t\t\t\t\t\t<\/div>\n\t\t\t\t<\/div>\n\t\t\t\t\t<\/div>\n\t\t<\/div>\n\t\t\t\t\t<\/div>\n\t\t<\/section>\n\t\t\t\t<section class=\"elementor-section elementor-top-section elementor-element elementor-element-639c0410 elementor-section-boxed elementor-section-height-default elementor-section-height-default\" data-id=\"639c0410\" data-element_type=\"section\" data-e-type=\"section\">\n\t\t\t\t\t\t<div class=\"elementor-container elementor-column-gap-default\">\n\t\t\t\t\t<div class=\"elementor-column elementor-col-100 elementor-top-column elementor-element elementor-element-7188e6e8\" data-id=\"7188e6e8\" data-element_type=\"column\" data-e-type=\"column\">\n\t\t\t<div class=\"elementor-widget-wrap elementor-element-populated\">\n\t\t\t\t\t\t<div class=\"elementor-element elementor-element-7f7c1f0f elementor-widget elementor-widget-spacer\" data-id=\"7f7c1f0f\" data-element_type=\"widget\" data-e-type=\"widget\" data-widget_type=\"spacer.default\">\n\t\t\t\t<div class=\"elementor-widget-container\">\n\t\t\t\t\t\t\t<div class=\"elementor-spacer\">\n\t\t\t<div class=\"elementor-spacer-inner\"><\/div>\n\t\t<\/div>\n\t\t\t\t\t\t<\/div>\n\t\t\t\t<\/div>\n\t\t\t\t\t<\/div>\n\t\t<\/div>\n\t\t\t\t\t<\/div>\n\t\t<\/section>\n\t\t\t\t<\/div>\n\t\t","protected":false},"excerpt":{"rendered":"<p>CSA PELO MUNDO CSA ao redor do mundo \u2013 mais informa\u00e7\u00f5es\u00a0clique Links espec\u00edficos:Alemanha:\u00a0LandwirtschafsgemeinschaftshofEUA:\u00a0Aqui\u00a0informa\u00e7\u00f5es de todos os estados.Canad\u00e1:\u00a0Agriculture Soutenne par la Communaut\u00e9Fran\u00e7a:\u00a0http:\/\/www.reseau-amap.orgJap\u00e3o:\u00a0TEIKEI\u00a0e\u00a0JOAA\u00a0\u2013 Japanese Organic Agriculture AssociationB\u00e9lgica:\u00a0Groupes d\u2019achat solidaires de l\u2019agriculture paysanneIt\u00e1lia:\u00a0Gruppi di Acquisto Solidale https:\/\/youtu.be\/5VZj8U4vP3s<\/p>\n","protected":false},"author":1,"featured_media":0,"parent":0,"menu_order":0,"comment_status":"closed","ping_status":"closed","template":"elementor_header_footer","meta":{"footnotes":""},"class_list":["post-1261","page","type-page","status-publish","hentry"],"_links":{"self":[{"href":"https:\/\/csabrasil.org\/csa\/wp-json\/wp\/v2\/pages\/1261","targetHints":{"allow":["GET"]}}],"collection":[{"href":"https:\/\/csabrasil.org\/csa\/wp-json\/wp\/v2\/pages"}],"about":[{"href":"https:\/\/csabrasil.org\/csa\/wp-json\/wp\/v2\/types\/page"}],"author":[{"embeddable":true,"href":"https:\/\/csabrasil.org\/csa\/wp-json\/wp\/v2\/users\/1"}],"replies":[{"embeddable":true,"href":"https:\/\/csabrasil.org\/csa\/wp-json\/wp\/v2\/comments?post=1261"}],"version-history":[{"count":2,"href":"https:\/\/csabrasil.org\/csa\/wp-json\/wp\/v2\/pages\/1261\/revisions"}],"predecessor-version":[{"id":1265,"href":"https:\/\/csabrasil.org\/csa\/wp-json\/wp\/v2\/pages\/1261\/revisions\/1265"}],"wp:attachment":[{"href":"https:\/\/csabrasil.org\/csa\/wp-json\/wp\/v2\/media?parent=1261"}],"curies":[{"name":"wp","href":"https:\/\/api.w.org\/{rel}","templated":true}]}}