{"id":1274,"date":"2022-04-03T14:14:04","date_gmt":"2022-04-03T14:14:04","guid":{"rendered":"https:\/\/csabrasil.org\/csa\/doacoes\/"},"modified":"2022-04-03T14:50:27","modified_gmt":"2022-04-03T14:50:27","slug":"doacoes","status":"publish","type":"page","link":"https:\/\/csabrasil.org\/csa\/doacoes\/","title":{"rendered":"Doa\u00e7\u00f5es"},"content":{"rendered":"\t\t<div data-elementor-type=\"wp-page\" data-elementor-id=\"1274\" class=\"elementor elementor-1274\" data-elementor-post-type=\"page\">\n\t\t\t\t\t\t<section class=\"elementor-section elementor-top-section elementor-element elementor-element-19e01d40 elementor-section-height-min-height elementor-section-boxed elementor-section-height-default elementor-section-items-middle\" data-id=\"19e01d40\" data-element_type=\"section\" data-e-type=\"section\" data-settings=\"{&quot;background_background&quot;:&quot;classic&quot;,&quot;shape_divider_top&quot;:&quot;triangle&quot;,&quot;shape_divider_bottom&quot;:&quot;triangle&quot;,&quot;background_motion_fx_motion_fx_mouse&quot;:&quot;yes&quot;,&quot;background_motion_fx_mouseTrack_effect&quot;:&quot;yes&quot;,&quot;background_motion_fx_mouseTrack_speed&quot;:{&quot;unit&quot;:&quot;px&quot;,&quot;size&quot;:0.2,&quot;sizes&quot;:[]}}\">\n\t\t\t\t\t\t\t<div class=\"elementor-background-overlay\"><\/div>\n\t\t\t\t\t\t<div class=\"elementor-shape elementor-shape-top\" aria-hidden=\"true\" data-negative=\"false\">\n\t\t\t<svg xmlns=\"http:\/\/www.w3.org\/2000\/svg\" viewBox=\"0 0 1000 100\" preserveAspectRatio=\"none\">\n\t<path class=\"elementor-shape-fill\" d=\"M500,98.9L0,6.1V0h1000v6.1L500,98.9z\"\/>\n<\/svg>\t\t<\/div>\n\t\t\t\t<div class=\"elementor-shape elementor-shape-bottom\" aria-hidden=\"true\" data-negative=\"false\">\n\t\t\t<svg xmlns=\"http:\/\/www.w3.org\/2000\/svg\" viewBox=\"0 0 1000 100\" preserveAspectRatio=\"none\">\n\t<path class=\"elementor-shape-fill\" d=\"M500,98.9L0,6.1V0h1000v6.1L500,98.9z\"\/>\n<\/svg>\t\t<\/div>\n\t\t\t\t\t<div class=\"elementor-container elementor-column-gap-default\">\n\t\t\t\t\t<div class=\"elementor-column elementor-col-100 elementor-top-column elementor-element elementor-element-231f2547\" data-id=\"231f2547\" data-element_type=\"column\" data-e-type=\"column\">\n\t\t\t<div class=\"elementor-widget-wrap elementor-element-populated\">\n\t\t\t\t\t\t<div class=\"elementor-element elementor-element-387f56a9 elementor-widget elementor-widget-heading\" data-id=\"387f56a9\" data-element_type=\"widget\" data-e-type=\"widget\" data-widget_type=\"heading.default\">\n\t\t\t\t<div class=\"elementor-widget-container\">\n\t\t\t\t\t<h2 class=\"elementor-heading-title elementor-size-default\">Doa\u00e7\u00f5es<\/h2>\t\t\t\t<\/div>\n\t\t\t\t<\/div>\n\t\t\t\t<div class=\"elementor-element elementor-element-3f27d717 elementor-widget elementor-widget-text-editor\" data-id=\"3f27d717\" data-element_type=\"widget\" data-e-type=\"widget\" data-widget_type=\"text-editor.default\">\n\t\t\t\t<div class=\"elementor-widget-container\">\n\t\t\t\t\t\t\t\t\t<p>Sua ajuda \u00e9 sempre muito importante.<\/p>\t\t\t\t\t\t\t\t<\/div>\n\t\t\t\t<\/div>\n\t\t\t\t\t<\/div>\n\t\t<\/div>\n\t\t\t\t\t<\/div>\n\t\t<\/section>\n\t\t\t\t<section class=\"elementor-section elementor-top-section elementor-element elementor-element-3d44304 elementor-section-boxed elementor-section-height-default elementor-section-height-default\" data-id=\"3d44304\" data-element_type=\"section\" data-e-type=\"section\">\n\t\t\t\t\t\t<div class=\"elementor-container elementor-column-gap-default\">\n\t\t\t\t\t<div class=\"elementor-column elementor-col-100 elementor-top-column elementor-element elementor-element-541d1582\" data-id=\"541d1582\" data-element_type=\"column\" data-e-type=\"column\">\n\t\t\t<div class=\"elementor-widget-wrap elementor-element-populated\">\n\t\t\t\t\t\t<div class=\"elementor-element elementor-element-3ea3f626 elementor-widget elementor-widget-image\" data-id=\"3ea3f626\" data-element_type=\"widget\" data-e-type=\"widget\" data-widget_type=\"image.default\">\n\t\t\t\t<div class=\"elementor-widget-container\">\n\t\t\t\t\t\t\t\t\t\t\t\t\t\t\t<img fetchpriority=\"high\" decoding=\"async\" width=\"481\" height=\"314\" src=\"https:\/\/csabrasil.org\/csa\/wp-content\/uploads\/2022\/04\/casal.png\" class=\"attachment-large size-large wp-image-1276\" alt=\"\" srcset=\"https:\/\/csabrasil.org\/csa\/wp-content\/uploads\/2022\/04\/casal.png 481w, https:\/\/csabrasil.org\/csa\/wp-content\/uploads\/2022\/04\/casal-300x196.png 300w\" sizes=\"(max-width: 481px) 100vw, 481px\" \/>\t\t\t\t\t\t\t\t\t\t\t\t\t\t\t<\/div>\n\t\t\t\t<\/div>\n\t\t\t\t<div class=\"elementor-element elementor-element-14a80c2f elementor-widget elementor-widget-text-editor\" data-id=\"14a80c2f\" data-element_type=\"widget\" data-e-type=\"widget\" data-widget_type=\"text-editor.default\">\n\t\t\t\t<div class=\"elementor-widget-container\">\n\t\t\t\t\t\t\t\t\t<p>N\u00e3o importa se voc\u00ea quer doar 1 Real, 100 Reais ou 1.000 Reais. Se \u00e9 de forma cont\u00ednua ou de uma \u00fanica vez:<\/p>\t\t\t\t\t\t\t\t<\/div>\n\t\t\t\t<\/div>\n\t\t\t\t<div class=\"elementor-element elementor-element-7d7c2150 elementor-widget elementor-widget-text-editor\" data-id=\"7d7c2150\" data-element_type=\"widget\" data-e-type=\"widget\" data-widget_type=\"text-editor.default\">\n\t\t\t\t<div class=\"elementor-widget-container\">\n\t\t\t\t\t\t\t\t\t<p><strong>Cada doa\u00e7\u00e3o \u00e9 bem-vinda e faz a diferen\u00e7a!<\/strong><\/p>\t\t\t\t\t\t\t\t<\/div>\n\t\t\t\t<\/div>\n\t\t\t\t\t<\/div>\n\t\t<\/div>\n\t\t\t\t\t<\/div>\n\t\t<\/section>\n\t\t\t\t<section class=\"elementor-section elementor-top-section elementor-element elementor-element-52f3276b elementor-section-boxed elementor-section-height-default elementor-section-height-default\" data-id=\"52f3276b\" data-element_type=\"section\" data-e-type=\"section\">\n\t\t\t\t\t\t<div class=\"elementor-container elementor-column-gap-default\">\n\t\t\t\t\t<div class=\"elementor-column elementor-col-100 elementor-top-column elementor-element elementor-element-148e39bd\" data-id=\"148e39bd\" data-element_type=\"column\" data-e-type=\"column\">\n\t\t\t<div class=\"elementor-widget-wrap elementor-element-populated\">\n\t\t\t\t\t\t<div class=\"elementor-element elementor-element-223b451f elementor-widget elementor-widget-text-editor\" data-id=\"223b451f\" data-element_type=\"widget\" data-e-type=\"widget\" data-widget_type=\"text-editor.default\">\n\t\t\t\t<div class=\"elementor-widget-container\">\n\t\t\t\t\t\t\t\t\t<p>Sua doa\u00e7\u00e3o online ajuda o CSA BRASIL a fomentar novas iniciativas de CSA pelo Brasil, possibilitando que mais produtores familiares possam estar unidos a grupos de pessoas em busca de sustenta\u00e7\u00e3o m\u00fatua, auxiliando na manuten\u00e7\u00e3o do homem do campo da terra e possibilitando a diversidade no campo.<\/p>\t\t\t\t\t\t\t\t<\/div>\n\t\t\t\t<\/div>\n\t\t\t\t\t<\/div>\n\t\t<\/div>\n\t\t\t\t\t<\/div>\n\t\t<\/section>\n\t\t\t\t<section class=\"elementor-section elementor-top-section elementor-element elementor-element-3bb33306 elementor-section-boxed elementor-section-height-default elementor-section-height-default\" data-id=\"3bb33306\" data-element_type=\"section\" data-e-type=\"section\">\n\t\t\t\t\t\t<div class=\"elementor-container elementor-column-gap-default\">\n\t\t\t\t\t<div class=\"elementor-column elementor-col-100 elementor-top-column elementor-element elementor-element-3310a89e\" data-id=\"3310a89e\" data-element_type=\"column\" data-e-type=\"column\">\n\t\t\t<div class=\"elementor-widget-wrap elementor-element-populated\">\n\t\t\t\t\t\t<div class=\"elementor-element elementor-element-7da7d1d6 elementor-widget elementor-widget-image\" data-id=\"7da7d1d6\" data-element_type=\"widget\" data-e-type=\"widget\" data-widget_type=\"image.default\">\n\t\t\t\t<div class=\"elementor-widget-container\">\n\t\t\t\t\t\t\t\t\t\t\t\t\t\t\t<img decoding=\"async\" width=\"600\" height=\"213\" src=\"https:\/\/csabrasil.org\/csa\/wp-content\/uploads\/2022\/04\/Pixx-Logo-e1637750072645.png\" class=\"attachment-large size-large wp-image-1232\" alt=\"\" srcset=\"https:\/\/csabrasil.org\/csa\/wp-content\/uploads\/2022\/04\/Pixx-Logo-e1637750072645.png 600w, https:\/\/csabrasil.org\/csa\/wp-content\/uploads\/2022\/04\/Pixx-Logo-e1637750072645-300x107.png 300w\" sizes=\"(max-width: 600px) 100vw, 600px\" \/>\t\t\t\t\t\t\t\t\t\t\t\t\t\t\t<\/div>\n\t\t\t\t<\/div>\n\t\t\t\t<div class=\"elementor-element elementor-element-4af5ebf6 elementor-widget elementor-widget-text-editor\" data-id=\"4af5ebf6\" data-element_type=\"widget\" data-e-type=\"widget\" data-widget_type=\"text-editor.default\">\n\t\t\t\t<div class=\"elementor-widget-container\">\n\t\t\t\t\t\t\t\t\t<p><strong>Chave PIX (CNPJ)<\/strong>: 21.216.281\/0001-94<\/p><p>Ou escaneie \/ salve o QR Code:<\/p>\t\t\t\t\t\t\t\t<\/div>\n\t\t\t\t<\/div>\n\t\t\t\t<div class=\"elementor-element elementor-element-cb07cd5 elementor-widget elementor-widget-image\" data-id=\"cb07cd5\" data-element_type=\"widget\" data-e-type=\"widget\" data-widget_type=\"image.default\">\n\t\t\t\t<div class=\"elementor-widget-container\">\n\t\t\t\t\t\t\t\t\t\t\t\t\t\t\t<img decoding=\"async\" width=\"350\" height=\"350\" src=\"https:\/\/csabrasil.org\/csa\/wp-content\/uploads\/2022\/04\/QR-Code-Pix.jpeg\" class=\"attachment-large size-large wp-image-1233\" alt=\"\" srcset=\"https:\/\/csabrasil.org\/csa\/wp-content\/uploads\/2022\/04\/QR-Code-Pix.jpeg 350w, https:\/\/csabrasil.org\/csa\/wp-content\/uploads\/2022\/04\/QR-Code-Pix-300x300.jpeg 300w, https:\/\/csabrasil.org\/csa\/wp-content\/uploads\/2022\/04\/QR-Code-Pix-150x150.jpeg 150w\" sizes=\"(max-width: 350px) 100vw, 350px\" \/>\t\t\t\t\t\t\t\t\t\t\t\t\t\t\t<\/div>\n\t\t\t\t<\/div>\n\t\t\t\t\t<\/div>\n\t\t<\/div>\n\t\t\t\t\t<\/div>\n\t\t<\/section>\n\t\t\t\t<section class=\"elementor-section elementor-top-section elementor-element elementor-element-40af0fd elementor-section-boxed elementor-section-height-default elementor-section-height-default\" data-id=\"40af0fd\" data-element_type=\"section\" data-e-type=\"section\" data-settings=\"{&quot;background_background&quot;:&quot;classic&quot;}\">\n\t\t\t\t\t\t<div class=\"elementor-container elementor-column-gap-default\">\n\t\t\t\t\t<div class=\"elementor-column elementor-col-100 elementor-top-column elementor-element elementor-element-493dfab2\" data-id=\"493dfab2\" data-element_type=\"column\" data-e-type=\"column\">\n\t\t\t<div class=\"elementor-widget-wrap elementor-element-populated\">\n\t\t\t\t\t\t<section class=\"elementor-section elementor-inner-section elementor-element elementor-element-7b795201 elementor-section-boxed elementor-section-height-default elementor-section-height-default\" data-id=\"7b795201\" data-element_type=\"section\" data-e-type=\"section\">\n\t\t\t\t\t\t<div class=\"elementor-container elementor-column-gap-default\">\n\t\t\t\t\t<div class=\"elementor-column elementor-col-100 elementor-inner-column elementor-element elementor-element-38ed0c6d\" data-id=\"38ed0c6d\" data-element_type=\"column\" data-e-type=\"column\">\n\t\t\t<div class=\"elementor-widget-wrap elementor-element-populated\">\n\t\t\t\t\t\t<div class=\"elementor-element elementor-element-7ec3a4e elementor-widget elementor-widget-text-editor\" data-id=\"7ec3a4e\" data-element_type=\"widget\" data-e-type=\"widget\" data-widget_type=\"text-editor.default\">\n\t\t\t\t<div class=\"elementor-widget-container\">\n\t\t\t\t\t\t\t\t\t<p><strong>Dados para dep\u00f3sito<\/strong><\/p>\t\t\t\t\t\t\t\t<\/div>\n\t\t\t\t<\/div>\n\t\t\t\t<div class=\"elementor-element elementor-element-2eedd45a elementor-widget elementor-widget-text-editor\" data-id=\"2eedd45a\" data-element_type=\"widget\" data-e-type=\"widget\" data-widget_type=\"text-editor.default\">\n\t\t\t\t<div class=\"elementor-widget-container\">\n\t\t\t\t\t\t\t\t\t<p>Dados para dep\u00f3sito:<br \/>Titular: ASSOCIA\u00c7\u00c3O COMUNIT\u00c1RIA CSA-BRASIL<br \/>CNPJ: 21.216.281\/0001-94<br \/>CAIXA ECON\u00d4MICA FEDERAL (104)<br \/>Ag: 2141<br \/>Opera\u00e7\u00e3o 003<br \/>Cc: 3149-3<\/p>\t\t\t\t\t\t\t\t<\/div>\n\t\t\t\t<\/div>\n\t\t\t\t<div class=\"elementor-element elementor-element-3140d5ec elementor-widget-divider--view-line elementor-widget elementor-widget-divider\" data-id=\"3140d5ec\" data-element_type=\"widget\" data-e-type=\"widget\" data-widget_type=\"divider.default\">\n\t\t\t\t<div class=\"elementor-widget-container\">\n\t\t\t\t\t\t\t<div class=\"elementor-divider\">\n\t\t\t<span class=\"elementor-divider-separator\">\n\t\t\t\t\t\t<\/span>\n\t\t<\/div>\n\t\t\t\t\t\t<\/div>\n\t\t\t\t<\/div>\n\t\t\t\t<div class=\"elementor-element elementor-element-2b985d63 elementor-align-center elementor-widget elementor-widget-button\" data-id=\"2b985d63\" data-element_type=\"widget\" data-e-type=\"widget\" data-widget_type=\"button.default\">\n\t\t\t\t<div class=\"elementor-widget-container\">\n\t\t\t\t\t\t\t\t\t<div class=\"elementor-button-wrapper\">\n\t\t\t\t\t<a class=\"elementor-button elementor-button-link elementor-size-sm\" href=\"https:\/\/csabrasil.org\/csa\/contato-2\/\">\n\t\t\t\t\t\t<span class=\"elementor-button-content-wrapper\">\n\t\t\t\t\t\t\t\t\t<span class=\"elementor-button-text\">ou entre em contato<\/span>\n\t\t\t\t\t<\/span>\n\t\t\t\t\t<\/a>\n\t\t\t\t<\/div>\n\t\t\t\t\t\t\t\t<\/div>\n\t\t\t\t<\/div>\n\t\t\t\t\t<\/div>\n\t\t<\/div>\n\t\t\t\t\t<\/div>\n\t\t<\/section>\n\t\t\t\t\t<\/div>\n\t\t<\/div>\n\t\t\t\t\t<\/div>\n\t\t<\/section>\n\t\t\t\t<\/div>\n\t\t","protected":false},"excerpt":{"rendered":"<p>Doa\u00e7\u00f5es Sua ajuda \u00e9 sempre muito importante. N\u00e3o importa se voc\u00ea quer doar 1 Real, 100 Reais ou 1.000 Reais. Se \u00e9 de forma cont\u00ednua ou de uma \u00fanica vez: Cada doa\u00e7\u00e3o \u00e9 bem-vinda e faz a diferen\u00e7a! Sua doa\u00e7\u00e3o online ajuda o CSA BRASIL a fomentar novas iniciativas de CSA pelo Brasil, possibilitando que [&hellip;]<\/p>\n","protected":false},"author":1,"featured_media":0,"parent":0,"menu_order":0,"comment_status":"closed","ping_status":"closed","template":"elementor_header_footer","meta":{"footnotes":""},"class_list":["post-1274","page","type-page","status-publish","hentry"],"_links":{"self":[{"href":"https:\/\/csabrasil.org\/csa\/wp-json\/wp\/v2\/pages\/1274","targetHints":{"allow":["GET"]}}],"collection":[{"href":"https:\/\/csabrasil.org\/csa\/wp-json\/wp\/v2\/pages"}],"about":[{"href":"https:\/\/csabrasil.org\/csa\/wp-json\/wp\/v2\/types\/page"}],"author":[{"embeddable":true,"href":"https:\/\/csabrasil.org\/csa\/wp-json\/wp\/v2\/users\/1"}],"replies":[{"embeddable":true,"href":"https:\/\/csabrasil.org\/csa\/wp-json\/wp\/v2\/comments?post=1274"}],"version-history":[{"count":5,"href":"https:\/\/csabrasil.org\/csa\/wp-json\/wp\/v2\/pages\/1274\/revisions"}],"predecessor-version":[{"id":1343,"href":"https:\/\/csabrasil.org\/csa\/wp-json\/wp\/v2\/pages\/1274\/revisions\/1343"}],"wp:attachment":[{"href":"https:\/\/csabrasil.org\/csa\/wp-json\/wp\/v2\/media?parent=1274"}],"curies":[{"name":"wp","href":"https:\/\/api.w.org\/{rel}","templated":true}]}}